{"id":431,"date":"2025-08-10T01:56:04","date_gmt":"2025-08-09T22:56:04","guid":{"rendered":"https:\/\/pertarabasatisi.net\/?page_id=431"},"modified":"2025-09-09T22:01:09","modified_gmt":"2025-09-09T19:01:09","slug":"hakkimizda","status":"publish","type":"page","link":"https:\/\/pertarabasatisi.net\/en\/hakkimizda\/","title":{"rendered":"About Us"},"content":{"rendered":"<div data-elementor-type=\"wp-page\" data-elementor-id=\"431\" class=\"elementor elementor-431\">\n\t\t\t\t<div class=\"elementor-element elementor-element-b11bf9e e-flex e-con-boxed e-con e-parent\" data-id=\"b11bf9e\" data-element_type=\"container\" data-settings=\"{&quot;background_background&quot;:&quot;classic&quot;,&quot;jet_parallax_layout_list&quot;:[]}\">\n\t\t\t\t\t<div class=\"e-con-inner\">\n\t\t<div class=\"elementor-element elementor-element-58e35d7 e-con-full e-flex e-con e-child\" data-id=\"58e35d7\" data-element_type=\"container\" data-settings=\"{&quot;jet_parallax_layout_list&quot;:[]}\">\n\t\t\t\t<div class=\"elementor-element elementor-element-a1c2924 elementor-widget elementor-widget-heading\" data-id=\"a1c2924\" data-element_type=\"widget\" data-widget_type=\"heading.default\">\n\t\t\t\t\t<h2 class=\"elementor-heading-title elementor-size-default\">About Us<\/h2>\t\t\t\t<\/div>\n\t\t\t\t<\/div>\n\t\t\t\t\t<\/div>\n\t\t\t\t<\/div>\n\t\t<div class=\"elementor-element elementor-element-676695f e-flex e-con-boxed elementor-invisible e-con e-parent\" data-id=\"676695f\" data-element_type=\"container\" data-settings=\"{&quot;jet_parallax_layout_list&quot;:[],&quot;animation&quot;:&quot;fadeInUp&quot;}\">\n\t\t\t\t\t<div class=\"e-con-inner\">\n\t\t<div class=\"elementor-element elementor-element-37c8d29 e-con-full e-flex e-con e-child\" data-id=\"37c8d29\" data-element_type=\"container\" data-settings=\"{&quot;jet_parallax_layout_list&quot;:[]}\">\n\t\t\t\t<div class=\"elementor-element elementor-element-1432528 elementor-widget elementor-widget-heading\" data-id=\"1432528\" data-element_type=\"widget\" data-widget_type=\"heading.default\">\n\t\t\t\t\t<h2 class=\"elementor-heading-title elementor-size-default\">About Us<\/h2>\t\t\t\t<\/div>\n\t\t\t\t<div class=\"elementor-element elementor-element-a787490 elementor-widget elementor-widget-text-editor\" data-id=\"a787490\" data-element_type=\"widget\" data-widget_type=\"text-editor.default\">\n\t\t\t\t\t\t\t\t\t<p data-start=\"259\" data-end=\"617\"><strong data-start=\"259\" data-end=\"319\">Buying and selling of vehicles with damaged or accidental registration<\/strong> We offer reliable, transparent and fast solutions. In our portfolio <strong data-start=\"381\" data-end=\"397\">Pert report<\/strong>, <strong data-start=\"399\" data-end=\"418\">insurance tender<\/strong>, <strong data-start=\"420\" data-end=\"437\">engine faulty<\/strong> And <strong data-start=\"441\" data-end=\"458\">repaired<\/strong> There are cars and commercial vehicles. Our goal is to provide accurate information, <strong data-start=\"519\" data-end=\"539\">expert report<\/strong> and clear pricing to ensure you find the vehicle that fits your budget as quickly as possible.<\/p><p data-start=\"619\" data-end=\"1036\">In this sector for years <strong data-start=\"641\" data-end=\"663\">transparent damage record<\/strong> And <strong data-start=\"667\" data-end=\"691\">honest information<\/strong> We work on the principle of &quot;repair&quot;. In our listings, we clearly share information about damage items, repair processes, and any replaced parts; our expert team answers your pre-purchase questions. This way, <strong data-start=\"886\" data-end=\"909\">Pert vehicle prices<\/strong>, <strong data-start=\"911\" data-end=\"941\">vehicles with serious damage records<\/strong> And <strong data-start=\"945\" data-end=\"971\">accident vehicle buying and selling<\/strong> In your search, you can make the right decision by minimizing the risks.<\/p>\t\t\t\t\t\t\t\t<\/div>\n\t\t\t\t<\/div>\n\t\t<div class=\"elementor-element elementor-element-330a2ee e-con-full e-flex e-con e-child\" data-id=\"330a2ee\" data-element_type=\"container\" data-settings=\"{&quot;jet_parallax_layout_list&quot;:[]}\">\n\t\t\t\t<div class=\"elementor-element elementor-element-3681630 elementor-widget elementor-widget-image\" data-id=\"3681630\" data-element_type=\"widget\" data-widget_type=\"image.default\">\n\t\t\t\t\t\t\t\t\t\t\t\t\t\t\t<img fetchpriority=\"high\" decoding=\"async\" width=\"765\" height=\"535\" src=\"https:\/\/pertarabasatisi.net\/wp-content\/uploads\/2025\/09\/1-1.png\" class=\"attachment-large size-large wp-image-646\" alt=\"\" srcset=\"https:\/\/pertarabasatisi.net\/wp-content\/uploads\/2025\/09\/1-1.png 765w, https:\/\/pertarabasatisi.net\/wp-content\/uploads\/2025\/09\/1-1-300x210.png 300w, https:\/\/pertarabasatisi.net\/wp-content\/uploads\/2025\/09\/1-1-18x12.png 18w\" sizes=\"(max-width: 765px) 100vw, 765px\" \/>\t\t\t\t\t\t\t\t\t\t\t\t\t\t\t<\/div>\n\t\t\t\t<\/div>\n\t\t\t\t\t<\/div>\n\t\t\t\t<\/div>\n\t\t<div class=\"elementor-element elementor-element-bd77be3 e-flex e-con-boxed elementor-invisible e-con e-parent\" data-id=\"bd77be3\" data-element_type=\"container\" data-settings=\"{&quot;background_background&quot;:&quot;classic&quot;,&quot;jet_parallax_layout_list&quot;:[],&quot;animation&quot;:&quot;fadeInUp&quot;}\">\n\t\t\t\t\t<div class=\"e-con-inner\">\n\t\t<div class=\"elementor-element elementor-element-76513e5 e-con-full e-flex e-con e-child\" data-id=\"76513e5\" data-element_type=\"container\" data-settings=\"{&quot;jet_parallax_layout_list&quot;:[]}\">\n\t\t\t\t<div class=\"elementor-element elementor-element-3c9f1de elementor-widget elementor-widget-heading\" data-id=\"3c9f1de\" data-element_type=\"widget\" data-widget_type=\"heading.default\">\n\t\t\t\t\t<h2 class=\"elementor-heading-title elementor-size-default\">Our Mission<\/h2>\t\t\t\t<\/div>\n\t\t\t\t<div class=\"elementor-element elementor-element-19262aa elementor-widget elementor-widget-text-editor\" data-id=\"19262aa\" data-element_type=\"widget\" data-widget_type=\"text-editor.default\">\n\t\t\t\t\t\t\t\t\t<p data-start=\"162\" data-end=\"858\">For vehicles with serious damage or accidents, registered as wrecked <strong data-start=\"209\" data-end=\"231\">transparent damage record<\/strong>, <strong data-start=\"233\" data-end=\"260\">current expert report<\/strong> And <strong data-start=\"264\" data-end=\"286\">fair pricing<\/strong> It is essential for us to provide a reliable trading experience with our portfolio. <strong data-start=\"366\" data-end=\"385\">insurance tender<\/strong>, <strong data-start=\"387\" data-end=\"404\">engine faulty<\/strong> and we meticulously select repaired vehicles; we maintain consistency in adverts and appraisals. We offer our customers the best selection <strong data-start=\"512\" data-end=\"529\">notary transfer<\/strong>, without paying <strong data-start=\"540\" data-end=\"574\">Delivery\/towing throughout T\u00fcrkiye<\/strong> We provide end-to-end support from start to finish, from organization to organization, and design processes that minimize risks. Our goal is; <strong data-start=\"676\" data-end=\"699\">Pert vehicle prices<\/strong>, <strong data-start=\"701\" data-end=\"733\">buying and selling heavily damaged vehicles<\/strong> And <strong data-start=\"737\" data-end=\"752\">crashed vehicle<\/strong> Our goal is to be a reliable brand in searches and to quickly deliver registered vehicles that are suitable for every budget.<\/p>\t\t\t\t\t\t\t\t<\/div>\n\t\t\t\t<\/div>\n\t\t<div class=\"elementor-element elementor-element-55dc914 e-con-full e-flex e-con e-child\" data-id=\"55dc914\" data-element_type=\"container\" data-settings=\"{&quot;jet_parallax_layout_list&quot;:[]}\">\n\t\t\t\t<div class=\"elementor-element elementor-element-fd6db5a elementor-widget elementor-widget-heading\" data-id=\"fd6db5a\" data-element_type=\"widget\" data-widget_type=\"heading.default\">\n\t\t\t\t\t<h2 class=\"elementor-heading-title elementor-size-default\">Our vision<\/h2>\t\t\t\t<\/div>\n\t\t\t\t<div class=\"elementor-element elementor-element-7c168ba elementor-widget elementor-widget-text-editor\" data-id=\"7c168ba\" data-element_type=\"widget\" data-widget_type=\"text-editor.default\">\n\t\t\t\t\t\t\t\t\t<p data-start=\"873\" data-end=\"1546\">Pert, heavily damaged and <strong data-start=\"895\" data-end=\"922\">insurance tender vehicles<\/strong> We want to be the leading platform in the market that raises ethical standards, is data-driven and prioritizes customer experience. <strong data-start=\"1038\" data-end=\"1076\">Expertise, repair plan and cost<\/strong> While creating comparable benchmarks in the sector with transparency, we accelerate the advertising and valuation processes with our technological infrastructure. The goal is; <strong data-start=\"1216\" data-end=\"1242\">accident vehicle buying and selling<\/strong>, <strong data-start=\"1244\" data-end=\"1266\">Pert vehicle ads<\/strong> And <strong data-start=\"1270\" data-end=\"1295\">vehicles from Perth<\/strong> To be the first choice of users for keywords such as innovative content, secure payment and <strong data-start=\"1390\" data-end=\"1408\">notary\/logistics<\/strong> Our goal is to establish a sustainable and accessible ecosystem for everyone, which reduces workload and facilitates purchasing decisions through integration.<\/p>\t\t\t\t\t\t\t\t<\/div>\n\t\t\t\t<\/div>\n\t\t<div class=\"elementor-element elementor-element-362a752 e-con-full e-flex e-con e-child\" data-id=\"362a752\" data-element_type=\"container\" data-settings=\"{&quot;jet_parallax_layout_list&quot;:[]}\">\n\t\t\t\t<div class=\"elementor-element elementor-element-53a4b91 elementor-widget elementor-widget-heading\" data-id=\"53a4b91\" data-element_type=\"widget\" data-widget_type=\"heading.default\">\n\t\t\t\t\t<h2 class=\"elementor-heading-title elementor-size-default\">Our values<\/h2>\t\t\t\t<\/div>\n\t\t\t\t<div class=\"elementor-element elementor-element-1e641ef elementor-widget elementor-widget-text-editor\" data-id=\"1e641ef\" data-element_type=\"widget\" data-widget_type=\"text-editor.default\">\n\t\t\t\t\t\t\t\t\t<p><strong data-start=\"1563\" data-end=\"1600\">Transparency, trust, speed and expertise<\/strong> Our working culture is based on; <strong data-start=\"1636\" data-end=\"1651\">pert report<\/strong>It allows us to clearly present information about damage items and replaced parts. It adheres to the consistency of the ad and appraisal; <strong data-start=\"1768\" data-end=\"1782\">fair price<\/strong> And <strong data-start=\"1786\" data-end=\"1809\">customer satisfaction<\/strong> We proceed with focus. In every transaction <strong data-start=\"1840\" data-end=\"1859\">legality<\/strong>, proper documentation and confidentiality are essential. <strong data-start=\"1903\" data-end=\"1918\">Project vehicle<\/strong> We share realistic costs with repair roadmaps and parts supply suggestions for those looking for a solution. <strong data-start=\"2025\" data-end=\"2040\" data-is-only-node=\"\">notary transfer<\/strong> And <strong data-start=\"2044\" data-end=\"2071\">Delivery throughout T\u00fcrkiye<\/strong> by providing end-to-end support every step of the way <strong data-start=\"2114\" data-end=\"2127\">wrecked vehicle<\/strong>, <strong data-start=\"2129\" data-end=\"2150\">heavily damaged vehicle<\/strong> And <strong data-start=\"2154\" data-end=\"2169\">crashed vehicle<\/strong> We manage processes safely.<\/p>\t\t\t\t\t\t\t\t<\/div>\n\t\t\t\t<\/div>\n\t\t\t\t\t<\/div>\n\t\t\t\t<\/div>\n\t\t\t\t<\/div>","protected":false},"excerpt":{"rendered":"<p>Hakk\u0131m\u0131zda Hakk\u0131m\u0131zda Pert kay\u0131tl\u0131, a\u011f\u0131r hasarl\u0131 ve kazal\u0131 ara\u00e7 al\u0131m sat\u0131m\u0131nda g\u00fcvenilir, \u015feffaf ve h\u0131zl\u0131 \u00e7\u00f6z\u00fcmler sunuyoruz. Portf\u00f6y\u00fcm\u00fczde pert raporlu, sigorta ihaleli, motor ar\u0131zal\u0131 ve onar\u0131m g\u00f6rm\u00fc\u015f otomobil ile ticari ara\u00e7lar bulunur. Amac\u0131m\u0131z; do\u011fru bilgi, ekspertiz raporu ve net fiyatland\u0131rma ile b\u00fct\u00e7ene uygun arac\u0131 en k\u0131sa s\u00fcrede bulman\u0131 sa\u011flamak. Y\u0131llard\u0131r bu sekt\u00f6rde \u015feffaf hasar kayd\u0131 [&hellip;]<\/p>","protected":false},"author":1,"featured_media":634,"parent":0,"menu_order":0,"comment_status":"closed","ping_status":"closed","template":"elementor_header_footer","meta":{"_acf_changed":false,"footnotes":""},"class_list":["post-431","page","type-page","status-publish","has-post-thumbnail","hentry"],"acf":[],"yoast_head":"<!-- This site is optimized with the Yoast SEO plugin v25.6 - https:\/\/yoast.com\/wordpress\/plugins\/seo\/ -->\n<title>Pert, A\u011f\u0131r Hasarl\u0131 ve Kazal\u0131 Ara\u00e7 Al\u0131m Sat\u0131m<\/title>\n<meta name=\"description\" content=\"Pert, a\u011f\u0131r hasarl\u0131, kazal\u0131 ve sa\u011flam ara\u00e7 al\u0131m sat\u0131m\u0131. Uzman ekspertiz, \u015feffaf fiyat ve g\u00fcvenli sat\u0131\u015f garantisiyle arac\u0131n\u0131z\u0131 h\u0131zl\u0131ca sat\u0131n veya sat\u0131n!\" \/>\n<meta name=\"robots\" content=\"index, follow, max-snippet:-1, max-image-preview:large, max-video-preview:-1\" \/>\n<link rel=\"canonical\" href=\"https:\/\/pertarabasatisi.net\/en\/hakkimizda\/\" \/>\n<meta property=\"og:locale\" content=\"en_US\" \/>\n<meta property=\"og:type\" content=\"article\" \/>\n<meta property=\"og:title\" content=\"Pert, A\u011f\u0131r Hasarl\u0131 ve Kazal\u0131 Ara\u00e7 Al\u0131m Sat\u0131m\" \/>\n<meta property=\"og:description\" content=\"Pert, a\u011f\u0131r hasarl\u0131, kazal\u0131 ve sa\u011flam ara\u00e7 al\u0131m sat\u0131m\u0131. Uzman ekspertiz, \u015feffaf fiyat ve g\u00fcvenli sat\u0131\u015f garantisiyle arac\u0131n\u0131z\u0131 h\u0131zl\u0131ca sat\u0131n veya sat\u0131n!\" \/>\n<meta property=\"og:url\" content=\"https:\/\/pertarabasatisi.net\/en\/hakkimizda\/\" \/>\n<meta property=\"og:site_name\" content=\"Pert &amp; Hasarl\u0131 Ara\u00e7 Al\u0131m Sat\u0131m Platformu\" \/>\n<meta property=\"article:modified_time\" content=\"2025-09-09T19:01:09+00:00\" \/>\n<meta property=\"og:image\" content=\"https:\/\/pertarabasatisi.net\/wp-content\/uploads\/2025\/09\/cropped-Hasarli-Arac-Alim-Satim-favicon.png\" \/>\n\t<meta property=\"og:image:width\" content=\"512\" \/>\n\t<meta property=\"og:image:height\" content=\"512\" \/>\n\t<meta property=\"og:image:type\" content=\"image\/png\" \/>\n<meta name=\"twitter:card\" content=\"summary_large_image\" \/>\n<meta name=\"twitter:label1\" content=\"Est. reading time\" \/>\n\t<meta name=\"twitter:data1\" content=\"3 minutes\" \/>\n<script type=\"application\/ld+json\" class=\"yoast-schema-graph\">{\"@context\":\"https:\/\/schema.org\",\"@graph\":[{\"@type\":\"WebPage\",\"@id\":\"https:\/\/pertarabasatisi.net\/hakkimizda\/\",\"url\":\"https:\/\/pertarabasatisi.net\/hakkimizda\/\",\"name\":\"Pert, A\u011f\u0131r Hasarl\u0131 ve Kazal\u0131 Ara\u00e7 Al\u0131m Sat\u0131m\",\"isPartOf\":{\"@id\":\"https:\/\/pertarabasatisi.net\/#website\"},\"primaryImageOfPage\":{\"@id\":\"https:\/\/pertarabasatisi.net\/hakkimizda\/#primaryimage\"},\"image\":{\"@id\":\"https:\/\/pertarabasatisi.net\/hakkimizda\/#primaryimage\"},\"thumbnailUrl\":\"https:\/\/pertarabasatisi.net\/wp-content\/uploads\/2025\/09\/cropped-Hasarli-Arac-Alim-Satim-favicon.png\",\"datePublished\":\"2025-08-09T22:56:04+00:00\",\"dateModified\":\"2025-09-09T19:01:09+00:00\",\"description\":\"Pert, a\u011f\u0131r hasarl\u0131, kazal\u0131 ve sa\u011flam ara\u00e7 al\u0131m sat\u0131m\u0131. Uzman ekspertiz, \u015feffaf fiyat ve g\u00fcvenli sat\u0131\u015f garantisiyle arac\u0131n\u0131z\u0131 h\u0131zl\u0131ca sat\u0131n veya sat\u0131n!\",\"breadcrumb\":{\"@id\":\"https:\/\/pertarabasatisi.net\/hakkimizda\/#breadcrumb\"},\"inLanguage\":\"en-US\",\"potentialAction\":[{\"@type\":\"ReadAction\",\"target\":[\"https:\/\/pertarabasatisi.net\/hakkimizda\/\"]}]},{\"@type\":\"ImageObject\",\"inLanguage\":\"en-US\",\"@id\":\"https:\/\/pertarabasatisi.net\/hakkimizda\/#primaryimage\",\"url\":\"https:\/\/pertarabasatisi.net\/wp-content\/uploads\/2025\/09\/cropped-Hasarli-Arac-Alim-Satim-favicon.png\",\"contentUrl\":\"https:\/\/pertarabasatisi.net\/wp-content\/uploads\/2025\/09\/cropped-Hasarli-Arac-Alim-Satim-favicon.png\",\"width\":512,\"height\":512},{\"@type\":\"BreadcrumbList\",\"@id\":\"https:\/\/pertarabasatisi.net\/hakkimizda\/#breadcrumb\",\"itemListElement\":[{\"@type\":\"ListItem\",\"position\":1,\"name\":\"Anasayfa\",\"item\":\"https:\/\/pertarabasatisi.net\/\"},{\"@type\":\"ListItem\",\"position\":2,\"name\":\"Hakk\u0131m\u0131zda\"}]},{\"@type\":\"WebSite\",\"@id\":\"https:\/\/pertarabasatisi.net\/#website\",\"url\":\"https:\/\/pertarabasatisi.net\/\",\"name\":\"Pert &amp; Hasarl\u0131 Ara\u00e7 Al\u0131m Sat\u0131m Platformu\",\"description\":\"A\u011f\u0131r hasarl\u0131 ara\u00e7 al\u0131m sat\u0131m\u0131nda uzman ekip.\",\"potentialAction\":[{\"@type\":\"SearchAction\",\"target\":{\"@type\":\"EntryPoint\",\"urlTemplate\":\"https:\/\/pertarabasatisi.net\/?s={search_term_string}\"},\"query-input\":{\"@type\":\"PropertyValueSpecification\",\"valueRequired\":true,\"valueName\":\"search_term_string\"}}],\"inLanguage\":\"en-US\"}]}<\/script>\n<!-- \/ Yoast SEO plugin. -->","yoast_head_json":{"title":"Pert, A\u011f\u0131r Hasarl\u0131 ve Kazal\u0131 Ara\u00e7 Al\u0131m Sat\u0131m","description":"Pert, a\u011f\u0131r hasarl\u0131, kazal\u0131 ve sa\u011flam ara\u00e7 al\u0131m sat\u0131m\u0131. Uzman ekspertiz, \u015feffaf fiyat ve g\u00fcvenli sat\u0131\u015f garantisiyle arac\u0131n\u0131z\u0131 h\u0131zl\u0131ca sat\u0131n veya sat\u0131n!","robots":{"index":"index","follow":"follow","max-snippet":"max-snippet:-1","max-image-preview":"max-image-preview:large","max-video-preview":"max-video-preview:-1"},"canonical":"https:\/\/pertarabasatisi.net\/en\/hakkimizda\/","og_locale":"en_US","og_type":"article","og_title":"Pert, A\u011f\u0131r Hasarl\u0131 ve Kazal\u0131 Ara\u00e7 Al\u0131m Sat\u0131m","og_description":"Pert, a\u011f\u0131r hasarl\u0131, kazal\u0131 ve sa\u011flam ara\u00e7 al\u0131m sat\u0131m\u0131. Uzman ekspertiz, \u015feffaf fiyat ve g\u00fcvenli sat\u0131\u015f garantisiyle arac\u0131n\u0131z\u0131 h\u0131zl\u0131ca sat\u0131n veya sat\u0131n!","og_url":"https:\/\/pertarabasatisi.net\/en\/hakkimizda\/","og_site_name":"Pert &amp; Hasarl\u0131 Ara\u00e7 Al\u0131m Sat\u0131m Platformu","article_modified_time":"2025-09-09T19:01:09+00:00","og_image":[{"width":512,"height":512,"url":"https:\/\/pertarabasatisi.net\/wp-content\/uploads\/2025\/09\/cropped-Hasarli-Arac-Alim-Satim-favicon.png","type":"image\/png"}],"twitter_card":"summary_large_image","twitter_misc":{"Est. reading time":"3 minutes"},"schema":{"@context":"https:\/\/schema.org","@graph":[{"@type":"WebPage","@id":"https:\/\/pertarabasatisi.net\/hakkimizda\/","url":"https:\/\/pertarabasatisi.net\/hakkimizda\/","name":"Pert, A\u011f\u0131r Hasarl\u0131 ve Kazal\u0131 Ara\u00e7 Al\u0131m Sat\u0131m","isPartOf":{"@id":"https:\/\/pertarabasatisi.net\/#website"},"primaryImageOfPage":{"@id":"https:\/\/pertarabasatisi.net\/hakkimizda\/#primaryimage"},"image":{"@id":"https:\/\/pertarabasatisi.net\/hakkimizda\/#primaryimage"},"thumbnailUrl":"https:\/\/pertarabasatisi.net\/wp-content\/uploads\/2025\/09\/cropped-Hasarli-Arac-Alim-Satim-favicon.png","datePublished":"2025-08-09T22:56:04+00:00","dateModified":"2025-09-09T19:01:09+00:00","description":"Pert, a\u011f\u0131r hasarl\u0131, kazal\u0131 ve sa\u011flam ara\u00e7 al\u0131m sat\u0131m\u0131. Uzman ekspertiz, \u015feffaf fiyat ve g\u00fcvenli sat\u0131\u015f garantisiyle arac\u0131n\u0131z\u0131 h\u0131zl\u0131ca sat\u0131n veya sat\u0131n!","breadcrumb":{"@id":"https:\/\/pertarabasatisi.net\/hakkimizda\/#breadcrumb"},"inLanguage":"en-US","potentialAction":[{"@type":"ReadAction","target":["https:\/\/pertarabasatisi.net\/hakkimizda\/"]}]},{"@type":"ImageObject","inLanguage":"en-US","@id":"https:\/\/pertarabasatisi.net\/hakkimizda\/#primaryimage","url":"https:\/\/pertarabasatisi.net\/wp-content\/uploads\/2025\/09\/cropped-Hasarli-Arac-Alim-Satim-favicon.png","contentUrl":"https:\/\/pertarabasatisi.net\/wp-content\/uploads\/2025\/09\/cropped-Hasarli-Arac-Alim-Satim-favicon.png","width":512,"height":512},{"@type":"BreadcrumbList","@id":"https:\/\/pertarabasatisi.net\/hakkimizda\/#breadcrumb","itemListElement":[{"@type":"ListItem","position":1,"name":"Anasayfa","item":"https:\/\/pertarabasatisi.net\/"},{"@type":"ListItem","position":2,"name":"Hakk\u0131m\u0131zda"}]},{"@type":"WebSite","@id":"https:\/\/pertarabasatisi.net\/#website","url":"https:\/\/pertarabasatisi.net\/","name":"Pert &amp; Hasarl\u0131 Ara\u00e7 Al\u0131m Sat\u0131m Platformu","description":"A\u011f\u0131r hasarl\u0131 ara\u00e7 al\u0131m sat\u0131m\u0131nda uzman ekip.","potentialAction":[{"@type":"SearchAction","target":{"@type":"EntryPoint","urlTemplate":"https:\/\/pertarabasatisi.net\/?s={search_term_string}"},"query-input":{"@type":"PropertyValueSpecification","valueRequired":true,"valueName":"search_term_string"}}],"inLanguage":"en-US"}]}},"_links":{"self":[{"href":"https:\/\/pertarabasatisi.net\/en\/wp-json\/wp\/v2\/pages\/431","targetHints":{"allow":["GET"]}}],"collection":[{"href":"https:\/\/pertarabasatisi.net\/en\/wp-json\/wp\/v2\/pages"}],"about":[{"href":"https:\/\/pertarabasatisi.net\/en\/wp-json\/wp\/v2\/types\/page"}],"author":[{"embeddable":true,"href":"https:\/\/pertarabasatisi.net\/en\/wp-json\/wp\/v2\/users\/1"}],"replies":[{"embeddable":true,"href":"https:\/\/pertarabasatisi.net\/en\/wp-json\/wp\/v2\/comments?post=431"}],"version-history":[{"count":11,"href":"https:\/\/pertarabasatisi.net\/en\/wp-json\/wp\/v2\/pages\/431\/revisions"}],"predecessor-version":[{"id":884,"href":"https:\/\/pertarabasatisi.net\/en\/wp-json\/wp\/v2\/pages\/431\/revisions\/884"}],"wp:featuredmedia":[{"embeddable":true,"href":"https:\/\/pertarabasatisi.net\/en\/wp-json\/wp\/v2\/media\/634"}],"wp:attachment":[{"href":"https:\/\/pertarabasatisi.net\/en\/wp-json\/wp\/v2\/media?parent=431"}],"curies":[{"name":"wp","href":"https:\/\/api.w.org\/{rel}","templated":true}]}}